{"id":3732,"date":"2024-07-25T14:14:11","date_gmt":"2024-07-25T18:14:11","guid":{"rendered":"https:\/\/www.stmarkstpeter.org\/?page_id=3732"},"modified":"2024-07-25T15:09:39","modified_gmt":"2024-07-25T19:09:39","slug":"initiatives-de-sensibilisation","status":"publish","type":"page","link":"https:\/\/stmarkstpeter.org\/index.php\/initiatives-de-sensibilisation\/","title":{"rendered":"Initiatives de Sensibilisation"},"content":{"rendered":"<p><strong>Initiatives de Sensibilisation<\/strong><br \/>\nAndr\u00e9 Leit\u00e3o dirige notre rayonnement \u00e0 Ville St-Laurent, \u00e0 travers les deux programmes suivants.<\/p>\n<p><strong>\u00a0Club Anglais et Fran\u00e7ais<\/strong><br \/>\nCe club s&#8217;agit d&#8217;un club de conversation dynamique o\u00f9 les r\u00e9fugi\u00e9s et les nouveaux arrivants de diverses nationalit\u00e9s se r\u00e9unissent pour am\u00e9liorer leur ma\u00eetrise de l&#8217;anglais et du fran\u00e7ais. R\u00e9uni une fois par semaine pour des sessions de 6 \u00e0 8 semaines et dirig\u00e9 par des locuteurs natifs exp\u00e9riment\u00e9s, notre programme offre un environnement accueillant et favorable aux participants pour pratiquer les conversations en anglais et fran\u00e7ais, renforcer leur confiance dans la communication et favoriser les \u00e9changes culturels. Gr\u00e2ce \u00e0 des discussions engageantes et \u00e0 des activit\u00e9s interactives, nous nous effor\u00e7ons de responsabiliser les individus dans leur cheminement vers l&#8217;int\u00e9gration et l&#8217;inclusion dans notre communaut\u00e9. Rejoignez-nous pour apprendre et grandir ensemble dans la langue et l&#8217;amiti\u00e9 ! (Veuillez noter : nous manquons de tuteurs de fran\u00e7ais pour le programme, le fran\u00e7ais n&#8217;est donc pas toujours disponible \u2013 si le fran\u00e7ais vous int\u00e9resse, veuillez demander si le fran\u00e7ais est disponible pour une session particuli\u00e8re). Pour plus d&#8217;information veuillez contacter Andr\u00e9: <a href=\"mailto:outreach@stmarkstpeter.org\">outreach@stmarkstpeter.org<\/a><\/p>\n<p><strong>ConnexionSports<\/strong><br \/>\nCette initiative dynamique favorise l&#8217;int\u00e9gration et l&#8217;interaction entre les nouveaux arrivants, les r\u00e9fugi\u00e9s et les ressortissants canadiens par des activit\u00e9s sportives. Tout au long de l&#8217;ann\u00e9e, ConnexionSports organise une vari\u00e9t\u00e9 d&#8217;activit\u00e9s sportives dans diff\u00e9rents endroits de la ville, offrant ainsi aux individus l&#8217;occasion de se r\u00e9unir, d&#8217;\u00e9tablir des liens et de profiter des bienfaits de l&#8217;activit\u00e9 physique et du travail d&#8217;\u00e9quipe. De plus, Sports Connexion travaille activement au lancement d&#8217;un projet Connexion football et Connexion judo, offrant des s\u00e9ances hebdomadaires gratuites permettant aux enfants et aux adolescents de participer, d&#8217;acqu\u00e9rir de nouvelles comp\u00e9tences et de d\u00e9velopper des amiti\u00e9s dans un environnement solidaire et inclusif. Rejoignez-nous pour nous unir \u00e0 travers le sport et c\u00e9l\u00e9brer la diversit\u00e9 dans notre communaut\u00e9! Pour plus d&#8217;information veuillez contacte Andr\u00e9: <a href=\"mailto:outreach@stmarkstpeter.org\">outreach@stmarkstpeter.org<\/a><\/p>\n","protected":false},"excerpt":{"rendered":"<p>Initiatives de Sensibilisation Andr\u00e9 Leit\u00e3o dirige notre rayonnement \u00e0 Ville St-Laurent, \u00e0 travers les deux programmes suivants. \u00a0Club Anglais et Fran\u00e7ais Ce club s&#8217;agit d&#8217;un club de conversation dynamique o\u00f9<\/p>\n","protected":false},"author":2,"featured_media":0,"parent":0,"menu_order":0,"comment_status":"closed","ping_status":"closed","template":"","meta":{"footnotes":""},"class_list":["post-3732","page","type-page","status-publish","hentry"],"yoast_head":"<!-- This site is optimized with the Yoast SEO plugin v24.1 - https:\/\/yoast.com\/wordpress\/plugins\/seo\/ -->\r\n<title>Initiatives de Sensibilisation - CMP<\/title>\r\n<meta name=\"robots\" content=\"index, follow, max-snippet:-1, max-image-preview:large, max-video-preview:-1\" \/>\r\n<link rel=\"canonical\" href=\"https:\/\/stmarkstpeter.org\/index.php\/initiatives-de-sensibilisation\/\" \/>\r\n<meta property=\"og:locale\" content=\"en_US\" \/>\r\n<meta property=\"og:type\" content=\"article\" \/>\r\n<meta property=\"og:title\" content=\"Initiatives de Sensibilisation - CMP\" \/>\r\n<meta property=\"og:description\" content=\"Initiatives de Sensibilisation Andr\u00e9 Leit\u00e3o dirige notre rayonnement \u00e0 Ville St-Laurent, \u00e0 travers les deux programmes suivants. \u00a0Club Anglais et Fran\u00e7ais Ce club s&#8217;agit d&#8217;un club de conversation dynamique o\u00f9\" \/>\r\n<meta property=\"og:url\" content=\"https:\/\/stmarkstpeter.org\/index.php\/initiatives-de-sensibilisation\/\" \/>\r\n<meta property=\"og:site_name\" content=\"CMP\" \/>\r\n<meta property=\"article:modified_time\" content=\"2024-07-25T19:09:39+00:00\" \/>\r\n<meta name=\"twitter:card\" content=\"summary_large_image\" \/>\r\n<meta name=\"twitter:label1\" content=\"Est. reading time\" \/>\n\t<meta name=\"twitter:data1\" content=\"2 minutes\" \/>\r\n<script type=\"application\/ld+json\" class=\"yoast-schema-graph\">{\"@context\":\"https:\/\/schema.org\",\"@graph\":[{\"@type\":\"WebPage\",\"@id\":\"https:\/\/stmarkstpeter.org\/index.php\/initiatives-de-sensibilisation\/\",\"url\":\"https:\/\/stmarkstpeter.org\/index.php\/initiatives-de-sensibilisation\/\",\"name\":\"Initiatives de Sensibilisation - CMP\",\"isPartOf\":{\"@id\":\"https:\/\/stmarkstpeter.org\/#website\"},\"datePublished\":\"2024-07-25T18:14:11+00:00\",\"dateModified\":\"2024-07-25T19:09:39+00:00\",\"breadcrumb\":{\"@id\":\"https:\/\/stmarkstpeter.org\/index.php\/initiatives-de-sensibilisation\/#breadcrumb\"},\"inLanguage\":\"en-CA\",\"potentialAction\":[{\"@type\":\"ReadAction\",\"target\":[\"https:\/\/stmarkstpeter.org\/index.php\/initiatives-de-sensibilisation\/\"]}]},{\"@type\":\"BreadcrumbList\",\"@id\":\"https:\/\/stmarkstpeter.org\/index.php\/initiatives-de-sensibilisation\/#breadcrumb\",\"itemListElement\":[{\"@type\":\"ListItem\",\"position\":1,\"name\":\"Home\",\"item\":\"https:\/\/stmarkstpeter.org\/\"},{\"@type\":\"ListItem\",\"position\":2,\"name\":\"Initiatives de Sensibilisation\"}]},{\"@type\":\"WebSite\",\"@id\":\"https:\/\/stmarkstpeter.org\/#website\",\"url\":\"https:\/\/stmarkstpeter.org\/\",\"name\":\"St-Mark & St-Peter\",\"description\":\"\",\"publisher\":{\"@id\":\"https:\/\/stmarkstpeter.org\/#organization\"},\"potentialAction\":[{\"@type\":\"SearchAction\",\"target\":{\"@type\":\"EntryPoint\",\"urlTemplate\":\"https:\/\/stmarkstpeter.org\/?s={search_term_string}\"},\"query-input\":{\"@type\":\"PropertyValueSpecification\",\"valueRequired\":true,\"valueName\":\"search_term_string\"}}],\"inLanguage\":\"en-CA\"},{\"@type\":\"Organization\",\"@id\":\"https:\/\/stmarkstpeter.org\/#organization\",\"name\":\"St-Mark & St-Peter\",\"url\":\"https:\/\/stmarkstpeter.org\/\",\"logo\":{\"@type\":\"ImageObject\",\"inLanguage\":\"en-CA\",\"@id\":\"https:\/\/stmarkstpeter.org\/#\/schema\/logo\/image\/\",\"url\":\"https:\/\/stmarkstpeter.org\/wp-content\/uploads\/2020\/02\/CMP_WEB_HRZ_ENG_LEN_ADV.png\",\"contentUrl\":\"https:\/\/stmarkstpeter.org\/wp-content\/uploads\/2020\/02\/CMP_WEB_HRZ_ENG_LEN_ADV.png\",\"width\":422,\"height\":144,\"caption\":\"St-Mark & St-Peter\"},\"image\":{\"@id\":\"https:\/\/stmarkstpeter.org\/#\/schema\/logo\/image\/\"}}]}<\/script>\r\n<!-- \/ Yoast SEO plugin. -->","yoast_head_json":{"title":"Initiatives de Sensibilisation - CMP","robots":{"index":"index","follow":"follow","max-snippet":"max-snippet:-1","max-image-preview":"max-image-preview:large","max-video-preview":"max-video-preview:-1"},"canonical":"https:\/\/stmarkstpeter.org\/index.php\/initiatives-de-sensibilisation\/","og_locale":"en_US","og_type":"article","og_title":"Initiatives de Sensibilisation - CMP","og_description":"Initiatives de Sensibilisation Andr\u00e9 Leit\u00e3o dirige notre rayonnement \u00e0 Ville St-Laurent, \u00e0 travers les deux programmes suivants. \u00a0Club Anglais et Fran\u00e7ais Ce club s&#8217;agit d&#8217;un club de conversation dynamique o\u00f9","og_url":"https:\/\/stmarkstpeter.org\/index.php\/initiatives-de-sensibilisation\/","og_site_name":"CMP","article_modified_time":"2024-07-25T19:09:39+00:00","twitter_card":"summary_large_image","twitter_misc":{"Est. reading time":"2 minutes"},"schema":{"@context":"https:\/\/schema.org","@graph":[{"@type":"WebPage","@id":"https:\/\/stmarkstpeter.org\/index.php\/initiatives-de-sensibilisation\/","url":"https:\/\/stmarkstpeter.org\/index.php\/initiatives-de-sensibilisation\/","name":"Initiatives de Sensibilisation - CMP","isPartOf":{"@id":"https:\/\/stmarkstpeter.org\/#website"},"datePublished":"2024-07-25T18:14:11+00:00","dateModified":"2024-07-25T19:09:39+00:00","breadcrumb":{"@id":"https:\/\/stmarkstpeter.org\/index.php\/initiatives-de-sensibilisation\/#breadcrumb"},"inLanguage":"en-CA","potentialAction":[{"@type":"ReadAction","target":["https:\/\/stmarkstpeter.org\/index.php\/initiatives-de-sensibilisation\/"]}]},{"@type":"BreadcrumbList","@id":"https:\/\/stmarkstpeter.org\/index.php\/initiatives-de-sensibilisation\/#breadcrumb","itemListElement":[{"@type":"ListItem","position":1,"name":"Home","item":"https:\/\/stmarkstpeter.org\/"},{"@type":"ListItem","position":2,"name":"Initiatives de Sensibilisation"}]},{"@type":"WebSite","@id":"https:\/\/stmarkstpeter.org\/#website","url":"https:\/\/stmarkstpeter.org\/","name":"St-Mark & St-Peter","description":"","publisher":{"@id":"https:\/\/stmarkstpeter.org\/#organization"},"potentialAction":[{"@type":"SearchAction","target":{"@type":"EntryPoint","urlTemplate":"https:\/\/stmarkstpeter.org\/?s={search_term_string}"},"query-input":{"@type":"PropertyValueSpecification","valueRequired":true,"valueName":"search_term_string"}}],"inLanguage":"en-CA"},{"@type":"Organization","@id":"https:\/\/stmarkstpeter.org\/#organization","name":"St-Mark & St-Peter","url":"https:\/\/stmarkstpeter.org\/","logo":{"@type":"ImageObject","inLanguage":"en-CA","@id":"https:\/\/stmarkstpeter.org\/#\/schema\/logo\/image\/","url":"https:\/\/stmarkstpeter.org\/wp-content\/uploads\/2020\/02\/CMP_WEB_HRZ_ENG_LEN_ADV.png","contentUrl":"https:\/\/stmarkstpeter.org\/wp-content\/uploads\/2020\/02\/CMP_WEB_HRZ_ENG_LEN_ADV.png","width":422,"height":144,"caption":"St-Mark & St-Peter"},"image":{"@id":"https:\/\/stmarkstpeter.org\/#\/schema\/logo\/image\/"}}]}},"_links":{"self":[{"href":"https:\/\/stmarkstpeter.org\/index.php\/wp-json\/wp\/v2\/pages\/3732","targetHints":{"allow":["GET"]}}],"collection":[{"href":"https:\/\/stmarkstpeter.org\/index.php\/wp-json\/wp\/v2\/pages"}],"about":[{"href":"https:\/\/stmarkstpeter.org\/index.php\/wp-json\/wp\/v2\/types\/page"}],"author":[{"embeddable":true,"href":"https:\/\/stmarkstpeter.org\/index.php\/wp-json\/wp\/v2\/users\/2"}],"replies":[{"embeddable":true,"href":"https:\/\/stmarkstpeter.org\/index.php\/wp-json\/wp\/v2\/comments?post=3732"}],"version-history":[{"count":5,"href":"https:\/\/stmarkstpeter.org\/index.php\/wp-json\/wp\/v2\/pages\/3732\/revisions"}],"predecessor-version":[{"id":3739,"href":"https:\/\/stmarkstpeter.org\/index.php\/wp-json\/wp\/v2\/pages\/3732\/revisions\/3739"}],"wp:attachment":[{"href":"https:\/\/stmarkstpeter.org\/index.php\/wp-json\/wp\/v2\/media?parent=3732"}],"curies":[{"name":"wp","href":"https:\/\/api.w.org\/{rel}","templated":true}]}}