{"id":2227,"date":"2021-05-25T13:30:31","date_gmt":"2021-05-25T17:30:31","guid":{"rendered":"https:\/\/www.stmarkstpeter.org\/?page_id=2227"},"modified":"2021-08-10T15:00:17","modified_gmt":"2021-08-10T19:00:17","slug":"jeunes","status":"publish","type":"page","link":"https:\/\/stmarkstpeter.org\/index.php\/jeunes\/","title":{"rendered":"Jeunes"},"content":{"rendered":"<p>Le Groupe des jeunes de l\u2019\u00e9glise St. Mark et St. Peter est un endroit o\u00f9 les adolescents sont encourag\u00e9s \u00e0 vivre une vie qui refl\u00e8te un amour pour Dieu et pour les autres. Nous croyons que pour aimer Dieu, vous devez conna\u00eetre Dieu. Ainsi, le dimanche matin, les jeunes leaders m\u00e8nent des discussions sur un \u00e9ventail de sujets destin\u00e9s aux jeunes d\u2019aujourd\u2019hui et explorent les passages de la Bible pour les aider dans leur cheminement spirituel.<\/p>\n<p>Les jeunes se r\u00e9unissent aussi le vendredi soir, pour un moment de plaisir et pour tisser des liens. Des soir\u00e9es cin\u00e9ma \u00e0 des randonn\u00e9es p\u00e9destres, ces activit\u00e9s les aident \u00e0 grandir dans l\u2019amour et la fraternit\u00e9 et en tant que groupe de jeunes au sein de la grande famille de l\u2019\u00e9glise.<\/p>\n<p><strong>Coordonnatrice<\/strong><strong> du minist\u00e8re des Jeunes : June Lashley\u00a0<\/strong><\/p>\n<p>Contactez\u00a0 <a href=\"mailto:youth@stmarkstpeter.org\">youth@stmarkstpeter.org<\/a> pour plus d\u2019informations.<\/p>\n<p>&nbsp;<\/p>\n","protected":false},"excerpt":{"rendered":"<p>Le Groupe des jeunes de l\u2019\u00e9glise St. Mark et St. Peter est un endroit o\u00f9 les adolescents sont encourag\u00e9s \u00e0 vivre une vie qui refl\u00e8te un amour pour Dieu et<\/p>\n","protected":false},"author":2,"featured_media":0,"parent":0,"menu_order":0,"comment_status":"closed","ping_status":"closed","template":"","meta":{"footnotes":""},"class_list":["post-2227","page","type-page","status-publish","hentry"],"yoast_head":"<!-- This site is optimized with the Yoast SEO plugin v24.1 - https:\/\/yoast.com\/wordpress\/plugins\/seo\/ -->\r\n<title>Jeunes - CMP<\/title>\r\n<meta name=\"robots\" content=\"index, follow, max-snippet:-1, max-image-preview:large, max-video-preview:-1\" \/>\r\n<link rel=\"canonical\" href=\"https:\/\/stmarkstpeter.org\/index.php\/jeunes\/\" \/>\r\n<meta property=\"og:locale\" content=\"en_US\" \/>\r\n<meta property=\"og:type\" content=\"article\" \/>\r\n<meta property=\"og:title\" content=\"Jeunes - CMP\" \/>\r\n<meta property=\"og:description\" content=\"Le Groupe des jeunes de l\u2019\u00e9glise St. Mark et St. Peter est un endroit o\u00f9 les adolescents sont encourag\u00e9s \u00e0 vivre une vie qui refl\u00e8te un amour pour Dieu et\" \/>\r\n<meta property=\"og:url\" content=\"https:\/\/stmarkstpeter.org\/index.php\/jeunes\/\" \/>\r\n<meta property=\"og:site_name\" content=\"CMP\" \/>\r\n<meta property=\"article:modified_time\" content=\"2021-08-10T19:00:17+00:00\" \/>\r\n<meta name=\"twitter:card\" content=\"summary_large_image\" \/>\r\n<meta name=\"twitter:label1\" content=\"Est. reading time\" \/>\n\t<meta name=\"twitter:data1\" content=\"1 minute\" \/>\r\n<script type=\"application\/ld+json\" class=\"yoast-schema-graph\">{\"@context\":\"https:\/\/schema.org\",\"@graph\":[{\"@type\":\"WebPage\",\"@id\":\"https:\/\/stmarkstpeter.org\/index.php\/jeunes\/\",\"url\":\"https:\/\/stmarkstpeter.org\/index.php\/jeunes\/\",\"name\":\"Jeunes - CMP\",\"isPartOf\":{\"@id\":\"https:\/\/stmarkstpeter.org\/#website\"},\"datePublished\":\"2021-05-25T17:30:31+00:00\",\"dateModified\":\"2021-08-10T19:00:17+00:00\",\"breadcrumb\":{\"@id\":\"https:\/\/stmarkstpeter.org\/index.php\/jeunes\/#breadcrumb\"},\"inLanguage\":\"en-CA\",\"potentialAction\":[{\"@type\":\"ReadAction\",\"target\":[\"https:\/\/stmarkstpeter.org\/index.php\/jeunes\/\"]}]},{\"@type\":\"BreadcrumbList\",\"@id\":\"https:\/\/stmarkstpeter.org\/index.php\/jeunes\/#breadcrumb\",\"itemListElement\":[{\"@type\":\"ListItem\",\"position\":1,\"name\":\"Home\",\"item\":\"https:\/\/stmarkstpeter.org\/\"},{\"@type\":\"ListItem\",\"position\":2,\"name\":\"Jeunes\"}]},{\"@type\":\"WebSite\",\"@id\":\"https:\/\/stmarkstpeter.org\/#website\",\"url\":\"https:\/\/stmarkstpeter.org\/\",\"name\":\"St-Mark & St-Peter\",\"description\":\"\",\"publisher\":{\"@id\":\"https:\/\/stmarkstpeter.org\/#organization\"},\"potentialAction\":[{\"@type\":\"SearchAction\",\"target\":{\"@type\":\"EntryPoint\",\"urlTemplate\":\"https:\/\/stmarkstpeter.org\/?s={search_term_string}\"},\"query-input\":{\"@type\":\"PropertyValueSpecification\",\"valueRequired\":true,\"valueName\":\"search_term_string\"}}],\"inLanguage\":\"en-CA\"},{\"@type\":\"Organization\",\"@id\":\"https:\/\/stmarkstpeter.org\/#organization\",\"name\":\"St-Mark & St-Peter\",\"url\":\"https:\/\/stmarkstpeter.org\/\",\"logo\":{\"@type\":\"ImageObject\",\"inLanguage\":\"en-CA\",\"@id\":\"https:\/\/stmarkstpeter.org\/#\/schema\/logo\/image\/\",\"url\":\"https:\/\/stmarkstpeter.org\/wp-content\/uploads\/2020\/02\/CMP_WEB_HRZ_ENG_LEN_ADV.png\",\"contentUrl\":\"https:\/\/stmarkstpeter.org\/wp-content\/uploads\/2020\/02\/CMP_WEB_HRZ_ENG_LEN_ADV.png\",\"width\":422,\"height\":144,\"caption\":\"St-Mark & St-Peter\"},\"image\":{\"@id\":\"https:\/\/stmarkstpeter.org\/#\/schema\/logo\/image\/\"}}]}<\/script>\r\n<!-- \/ Yoast SEO plugin. -->","yoast_head_json":{"title":"Jeunes - CMP","robots":{"index":"index","follow":"follow","max-snippet":"max-snippet:-1","max-image-preview":"max-image-preview:large","max-video-preview":"max-video-preview:-1"},"canonical":"https:\/\/stmarkstpeter.org\/index.php\/jeunes\/","og_locale":"en_US","og_type":"article","og_title":"Jeunes - CMP","og_description":"Le Groupe des jeunes de l\u2019\u00e9glise St. Mark et St. Peter est un endroit o\u00f9 les adolescents sont encourag\u00e9s \u00e0 vivre une vie qui refl\u00e8te un amour pour Dieu et","og_url":"https:\/\/stmarkstpeter.org\/index.php\/jeunes\/","og_site_name":"CMP","article_modified_time":"2021-08-10T19:00:17+00:00","twitter_card":"summary_large_image","twitter_misc":{"Est. reading time":"1 minute"},"schema":{"@context":"https:\/\/schema.org","@graph":[{"@type":"WebPage","@id":"https:\/\/stmarkstpeter.org\/index.php\/jeunes\/","url":"https:\/\/stmarkstpeter.org\/index.php\/jeunes\/","name":"Jeunes - CMP","isPartOf":{"@id":"https:\/\/stmarkstpeter.org\/#website"},"datePublished":"2021-05-25T17:30:31+00:00","dateModified":"2021-08-10T19:00:17+00:00","breadcrumb":{"@id":"https:\/\/stmarkstpeter.org\/index.php\/jeunes\/#breadcrumb"},"inLanguage":"en-CA","potentialAction":[{"@type":"ReadAction","target":["https:\/\/stmarkstpeter.org\/index.php\/jeunes\/"]}]},{"@type":"BreadcrumbList","@id":"https:\/\/stmarkstpeter.org\/index.php\/jeunes\/#breadcrumb","itemListElement":[{"@type":"ListItem","position":1,"name":"Home","item":"https:\/\/stmarkstpeter.org\/"},{"@type":"ListItem","position":2,"name":"Jeunes"}]},{"@type":"WebSite","@id":"https:\/\/stmarkstpeter.org\/#website","url":"https:\/\/stmarkstpeter.org\/","name":"St-Mark & St-Peter","description":"","publisher":{"@id":"https:\/\/stmarkstpeter.org\/#organization"},"potentialAction":[{"@type":"SearchAction","target":{"@type":"EntryPoint","urlTemplate":"https:\/\/stmarkstpeter.org\/?s={search_term_string}"},"query-input":{"@type":"PropertyValueSpecification","valueRequired":true,"valueName":"search_term_string"}}],"inLanguage":"en-CA"},{"@type":"Organization","@id":"https:\/\/stmarkstpeter.org\/#organization","name":"St-Mark & St-Peter","url":"https:\/\/stmarkstpeter.org\/","logo":{"@type":"ImageObject","inLanguage":"en-CA","@id":"https:\/\/stmarkstpeter.org\/#\/schema\/logo\/image\/","url":"https:\/\/stmarkstpeter.org\/wp-content\/uploads\/2020\/02\/CMP_WEB_HRZ_ENG_LEN_ADV.png","contentUrl":"https:\/\/stmarkstpeter.org\/wp-content\/uploads\/2020\/02\/CMP_WEB_HRZ_ENG_LEN_ADV.png","width":422,"height":144,"caption":"St-Mark & St-Peter"},"image":{"@id":"https:\/\/stmarkstpeter.org\/#\/schema\/logo\/image\/"}}]}},"_links":{"self":[{"href":"https:\/\/stmarkstpeter.org\/index.php\/wp-json\/wp\/v2\/pages\/2227","targetHints":{"allow":["GET"]}}],"collection":[{"href":"https:\/\/stmarkstpeter.org\/index.php\/wp-json\/wp\/v2\/pages"}],"about":[{"href":"https:\/\/stmarkstpeter.org\/index.php\/wp-json\/wp\/v2\/types\/page"}],"author":[{"embeddable":true,"href":"https:\/\/stmarkstpeter.org\/index.php\/wp-json\/wp\/v2\/users\/2"}],"replies":[{"embeddable":true,"href":"https:\/\/stmarkstpeter.org\/index.php\/wp-json\/wp\/v2\/comments?post=2227"}],"version-history":[{"count":4,"href":"https:\/\/stmarkstpeter.org\/index.php\/wp-json\/wp\/v2\/pages\/2227\/revisions"}],"predecessor-version":[{"id":2287,"href":"https:\/\/stmarkstpeter.org\/index.php\/wp-json\/wp\/v2\/pages\/2227\/revisions\/2287"}],"wp:attachment":[{"href":"https:\/\/stmarkstpeter.org\/index.php\/wp-json\/wp\/v2\/media?parent=2227"}],"curies":[{"name":"wp","href":"https:\/\/api.w.org\/{rel}","templated":true}]}}