{"id":2225,"date":"2021-05-25T13:29:04","date_gmt":"2021-05-25T17:29:04","guid":{"rendered":"https:\/\/www.stmarkstpeter.org\/?page_id=2225"},"modified":"2021-05-25T13:29:04","modified_gmt":"2021-05-25T17:29:04","slug":"enfants","status":"publish","type":"page","link":"https:\/\/stmarkstpeter.org\/index.php\/enfants\/","title":{"rendered":"Enfants"},"content":{"rendered":"<p>Les enfants sont au c\u0153ur de la vie et de notre communaut\u00e9 eccl\u00e9siastique, et nous voulons que chaque enfant et parent se sente bien accueilli. S\u2019il y a un moyen que nous puissions marcher \u00e0 vos c\u00f4t\u00e9s dans cette saison parentale de vie, n\u2019h\u00e9sitez pas \u00e0 tendre la main \u00e0 Di Keener, <a href=\"mailto:children@stmarkstpeter.org\">children@stmarkstpeter.org\u00a0<\/a><\/p>\n<p>\u2022 Kids Connect: 3-5 ans; De la 1re \u00e0 la 3e ann\u00e9e; De la 4e \u00e0 la 6e ann\u00e9e<\/p>\n<p>\u2022 Garderie: Ouverte \u00e0 tous parents avec nourrissons<\/p>\n<p>\u2022 PNO (Soir\u00e9e des parents) Il s\u2019agit d\u2019un \u00e9v\u00e9nement qui a lieu 4-5 fois par ann\u00e9e pour donner une pause aux parents \/ tuteurs ! Les minist\u00e8res de l\u2019Enfance et de la Jeunesse s\u2019unissent pour y arriver. Les jeunes viennent donner de leur temps pour divertir les petits ! Nous avons aussi des adultes qui aident avec la nourriture et les nourrissons ! Cherchez la prochaine soir\u00e9e PNO et joignez-vous \u00e0 nous!<\/p>\n<p>Contactez Di Keener children@stmarkstpeter.org pour plus d\u2019informations.<\/p>\n<p>&nbsp;<\/p>\n","protected":false},"excerpt":{"rendered":"<p>Les enfants sont au c\u0153ur de la vie et de notre communaut\u00e9 eccl\u00e9siastique, et nous voulons que chaque enfant et parent se sente bien accueilli. S\u2019il y a un moyen<\/p>\n","protected":false},"author":2,"featured_media":0,"parent":0,"menu_order":0,"comment_status":"closed","ping_status":"closed","template":"","meta":{"footnotes":""},"class_list":["post-2225","page","type-page","status-publish","hentry"],"yoast_head":"<!-- This site is optimized with the Yoast SEO plugin v24.1 - https:\/\/yoast.com\/wordpress\/plugins\/seo\/ -->\r\n<title>Enfants - CMP<\/title>\r\n<meta name=\"robots\" content=\"index, follow, max-snippet:-1, max-image-preview:large, max-video-preview:-1\" \/>\r\n<link rel=\"canonical\" href=\"https:\/\/stmarkstpeter.org\/index.php\/enfants\/\" \/>\r\n<meta property=\"og:locale\" content=\"en_US\" \/>\r\n<meta property=\"og:type\" content=\"article\" \/>\r\n<meta property=\"og:title\" content=\"Enfants - CMP\" \/>\r\n<meta property=\"og:description\" content=\"Les enfants sont au c\u0153ur de la vie et de notre communaut\u00e9 eccl\u00e9siastique, et nous voulons que chaque enfant et parent se sente bien accueilli. S\u2019il y a un moyen\" \/>\r\n<meta property=\"og:url\" content=\"https:\/\/stmarkstpeter.org\/index.php\/enfants\/\" \/>\r\n<meta property=\"og:site_name\" content=\"CMP\" \/>\r\n<meta name=\"twitter:card\" content=\"summary_large_image\" \/>\r\n<meta name=\"twitter:label1\" content=\"Est. reading time\" \/>\n\t<meta name=\"twitter:data1\" content=\"1 minute\" \/>\r\n<script type=\"application\/ld+json\" class=\"yoast-schema-graph\">{\"@context\":\"https:\/\/schema.org\",\"@graph\":[{\"@type\":\"WebPage\",\"@id\":\"https:\/\/stmarkstpeter.org\/index.php\/enfants\/\",\"url\":\"https:\/\/stmarkstpeter.org\/index.php\/enfants\/\",\"name\":\"Enfants - CMP\",\"isPartOf\":{\"@id\":\"https:\/\/stmarkstpeter.org\/#website\"},\"datePublished\":\"2021-05-25T17:29:04+00:00\",\"dateModified\":\"2021-05-25T17:29:04+00:00\",\"breadcrumb\":{\"@id\":\"https:\/\/stmarkstpeter.org\/index.php\/enfants\/#breadcrumb\"},\"inLanguage\":\"en-CA\",\"potentialAction\":[{\"@type\":\"ReadAction\",\"target\":[\"https:\/\/stmarkstpeter.org\/index.php\/enfants\/\"]}]},{\"@type\":\"BreadcrumbList\",\"@id\":\"https:\/\/stmarkstpeter.org\/index.php\/enfants\/#breadcrumb\",\"itemListElement\":[{\"@type\":\"ListItem\",\"position\":1,\"name\":\"Home\",\"item\":\"https:\/\/stmarkstpeter.org\/\"},{\"@type\":\"ListItem\",\"position\":2,\"name\":\"Enfants\"}]},{\"@type\":\"WebSite\",\"@id\":\"https:\/\/stmarkstpeter.org\/#website\",\"url\":\"https:\/\/stmarkstpeter.org\/\",\"name\":\"St-Mark & St-Peter\",\"description\":\"\",\"publisher\":{\"@id\":\"https:\/\/stmarkstpeter.org\/#organization\"},\"potentialAction\":[{\"@type\":\"SearchAction\",\"target\":{\"@type\":\"EntryPoint\",\"urlTemplate\":\"https:\/\/stmarkstpeter.org\/?s={search_term_string}\"},\"query-input\":{\"@type\":\"PropertyValueSpecification\",\"valueRequired\":true,\"valueName\":\"search_term_string\"}}],\"inLanguage\":\"en-CA\"},{\"@type\":\"Organization\",\"@id\":\"https:\/\/stmarkstpeter.org\/#organization\",\"name\":\"St-Mark & St-Peter\",\"url\":\"https:\/\/stmarkstpeter.org\/\",\"logo\":{\"@type\":\"ImageObject\",\"inLanguage\":\"en-CA\",\"@id\":\"https:\/\/stmarkstpeter.org\/#\/schema\/logo\/image\/\",\"url\":\"https:\/\/stmarkstpeter.org\/wp-content\/uploads\/2020\/02\/CMP_WEB_HRZ_ENG_LEN_ADV.png\",\"contentUrl\":\"https:\/\/stmarkstpeter.org\/wp-content\/uploads\/2020\/02\/CMP_WEB_HRZ_ENG_LEN_ADV.png\",\"width\":422,\"height\":144,\"caption\":\"St-Mark & St-Peter\"},\"image\":{\"@id\":\"https:\/\/stmarkstpeter.org\/#\/schema\/logo\/image\/\"}}]}<\/script>\r\n<!-- \/ Yoast SEO plugin. -->","yoast_head_json":{"title":"Enfants - CMP","robots":{"index":"index","follow":"follow","max-snippet":"max-snippet:-1","max-image-preview":"max-image-preview:large","max-video-preview":"max-video-preview:-1"},"canonical":"https:\/\/stmarkstpeter.org\/index.php\/enfants\/","og_locale":"en_US","og_type":"article","og_title":"Enfants - CMP","og_description":"Les enfants sont au c\u0153ur de la vie et de notre communaut\u00e9 eccl\u00e9siastique, et nous voulons que chaque enfant et parent se sente bien accueilli. S\u2019il y a un moyen","og_url":"https:\/\/stmarkstpeter.org\/index.php\/enfants\/","og_site_name":"CMP","twitter_card":"summary_large_image","twitter_misc":{"Est. reading time":"1 minute"},"schema":{"@context":"https:\/\/schema.org","@graph":[{"@type":"WebPage","@id":"https:\/\/stmarkstpeter.org\/index.php\/enfants\/","url":"https:\/\/stmarkstpeter.org\/index.php\/enfants\/","name":"Enfants - CMP","isPartOf":{"@id":"https:\/\/stmarkstpeter.org\/#website"},"datePublished":"2021-05-25T17:29:04+00:00","dateModified":"2021-05-25T17:29:04+00:00","breadcrumb":{"@id":"https:\/\/stmarkstpeter.org\/index.php\/enfants\/#breadcrumb"},"inLanguage":"en-CA","potentialAction":[{"@type":"ReadAction","target":["https:\/\/stmarkstpeter.org\/index.php\/enfants\/"]}]},{"@type":"BreadcrumbList","@id":"https:\/\/stmarkstpeter.org\/index.php\/enfants\/#breadcrumb","itemListElement":[{"@type":"ListItem","position":1,"name":"Home","item":"https:\/\/stmarkstpeter.org\/"},{"@type":"ListItem","position":2,"name":"Enfants"}]},{"@type":"WebSite","@id":"https:\/\/stmarkstpeter.org\/#website","url":"https:\/\/stmarkstpeter.org\/","name":"St-Mark & St-Peter","description":"","publisher":{"@id":"https:\/\/stmarkstpeter.org\/#organization"},"potentialAction":[{"@type":"SearchAction","target":{"@type":"EntryPoint","urlTemplate":"https:\/\/stmarkstpeter.org\/?s={search_term_string}"},"query-input":{"@type":"PropertyValueSpecification","valueRequired":true,"valueName":"search_term_string"}}],"inLanguage":"en-CA"},{"@type":"Organization","@id":"https:\/\/stmarkstpeter.org\/#organization","name":"St-Mark & St-Peter","url":"https:\/\/stmarkstpeter.org\/","logo":{"@type":"ImageObject","inLanguage":"en-CA","@id":"https:\/\/stmarkstpeter.org\/#\/schema\/logo\/image\/","url":"https:\/\/stmarkstpeter.org\/wp-content\/uploads\/2020\/02\/CMP_WEB_HRZ_ENG_LEN_ADV.png","contentUrl":"https:\/\/stmarkstpeter.org\/wp-content\/uploads\/2020\/02\/CMP_WEB_HRZ_ENG_LEN_ADV.png","width":422,"height":144,"caption":"St-Mark & St-Peter"},"image":{"@id":"https:\/\/stmarkstpeter.org\/#\/schema\/logo\/image\/"}}]}},"_links":{"self":[{"href":"https:\/\/stmarkstpeter.org\/index.php\/wp-json\/wp\/v2\/pages\/2225","targetHints":{"allow":["GET"]}}],"collection":[{"href":"https:\/\/stmarkstpeter.org\/index.php\/wp-json\/wp\/v2\/pages"}],"about":[{"href":"https:\/\/stmarkstpeter.org\/index.php\/wp-json\/wp\/v2\/types\/page"}],"author":[{"embeddable":true,"href":"https:\/\/stmarkstpeter.org\/index.php\/wp-json\/wp\/v2\/users\/2"}],"replies":[{"embeddable":true,"href":"https:\/\/stmarkstpeter.org\/index.php\/wp-json\/wp\/v2\/comments?post=2225"}],"version-history":[{"count":1,"href":"https:\/\/stmarkstpeter.org\/index.php\/wp-json\/wp\/v2\/pages\/2225\/revisions"}],"predecessor-version":[{"id":2226,"href":"https:\/\/stmarkstpeter.org\/index.php\/wp-json\/wp\/v2\/pages\/2225\/revisions\/2226"}],"wp:attachment":[{"href":"https:\/\/stmarkstpeter.org\/index.php\/wp-json\/wp\/v2\/media?parent=2225"}],"curies":[{"name":"wp","href":"https:\/\/api.w.org\/{rel}","templated":true}]}}