{"id":2223,"date":"2021-05-25T13:21:03","date_gmt":"2021-05-25T17:21:03","guid":{"rendered":"https:\/\/www.stmarkstpeter.org\/?page_id=2223"},"modified":"2021-08-10T14:55:29","modified_gmt":"2021-08-10T18:55:29","slug":"nos-services","status":"publish","type":"page","link":"https:\/\/stmarkstpeter.org\/index.php\/nos-services\/","title":{"rendered":"Nos Services"},"content":{"rendered":"<p>Notre service du dimanche commence \u00e0 10h30, avec un style de culte combinant des \u00e9l\u00e9ments traditionnels et contemporains. Toute la congr\u00e9gation, commence le service ensemble ; au d\u00e9but du service, trois chansons pop chr\u00e9tienne sont jou\u00e9es et dirig\u00e9es par notre orchestre, apr\u00e8s quoi les enfants vont \u00e0 KidsConnect (\u00e9cole du dimanche) et les jeunes vont \u00e0 leur groupe respectif. Il y a des rafra\u00eechissements apr\u00e8s chaque service, o\u00f9 nous aimerions vous rencontrer!<\/p>\n<p>Notre mod\u00e8le de service est: (mais peut parfois varier)<br \/>\n1er et 3e dimanches de chaque mois : Sainte Communion<br \/>\n2e et 4e dimanches : Service de la Parole<\/p>\n","protected":false},"excerpt":{"rendered":"<p>Notre service du dimanche commence \u00e0 10h30, avec un style de culte combinant des \u00e9l\u00e9ments traditionnels et contemporains. Toute la congr\u00e9gation, commence le service ensemble ; au d\u00e9but du service,<\/p>\n","protected":false},"author":2,"featured_media":0,"parent":0,"menu_order":0,"comment_status":"closed","ping_status":"closed","template":"","meta":{"footnotes":""},"class_list":["post-2223","page","type-page","status-publish","hentry"],"yoast_head":"<!-- This site is optimized with the Yoast SEO plugin v24.1 - https:\/\/yoast.com\/wordpress\/plugins\/seo\/ -->\r\n<title>Nos Services - CMP<\/title>\r\n<meta name=\"robots\" content=\"index, follow, max-snippet:-1, max-image-preview:large, max-video-preview:-1\" \/>\r\n<link rel=\"canonical\" href=\"https:\/\/stmarkstpeter.org\/index.php\/nos-services\/\" \/>\r\n<meta property=\"og:locale\" content=\"en_US\" \/>\r\n<meta property=\"og:type\" content=\"article\" \/>\r\n<meta property=\"og:title\" content=\"Nos Services - CMP\" \/>\r\n<meta property=\"og:description\" content=\"Notre service du dimanche commence \u00e0 10h30, avec un style de culte combinant des \u00e9l\u00e9ments traditionnels et contemporains. Toute la congr\u00e9gation, commence le service ensemble ; au d\u00e9but du service,\" \/>\r\n<meta property=\"og:url\" content=\"https:\/\/stmarkstpeter.org\/index.php\/nos-services\/\" \/>\r\n<meta property=\"og:site_name\" content=\"CMP\" \/>\r\n<meta property=\"article:modified_time\" content=\"2021-08-10T18:55:29+00:00\" \/>\r\n<meta name=\"twitter:card\" content=\"summary_large_image\" \/>\r\n<meta name=\"twitter:label1\" content=\"Est. reading time\" \/>\n\t<meta name=\"twitter:data1\" content=\"1 minute\" \/>\r\n<script type=\"application\/ld+json\" class=\"yoast-schema-graph\">{\"@context\":\"https:\/\/schema.org\",\"@graph\":[{\"@type\":\"WebPage\",\"@id\":\"https:\/\/stmarkstpeter.org\/index.php\/nos-services\/\",\"url\":\"https:\/\/stmarkstpeter.org\/index.php\/nos-services\/\",\"name\":\"Nos Services - CMP\",\"isPartOf\":{\"@id\":\"https:\/\/stmarkstpeter.org\/#website\"},\"datePublished\":\"2021-05-25T17:21:03+00:00\",\"dateModified\":\"2021-08-10T18:55:29+00:00\",\"breadcrumb\":{\"@id\":\"https:\/\/stmarkstpeter.org\/index.php\/nos-services\/#breadcrumb\"},\"inLanguage\":\"en-CA\",\"potentialAction\":[{\"@type\":\"ReadAction\",\"target\":[\"https:\/\/stmarkstpeter.org\/index.php\/nos-services\/\"]}]},{\"@type\":\"BreadcrumbList\",\"@id\":\"https:\/\/stmarkstpeter.org\/index.php\/nos-services\/#breadcrumb\",\"itemListElement\":[{\"@type\":\"ListItem\",\"position\":1,\"name\":\"Home\",\"item\":\"https:\/\/stmarkstpeter.org\/\"},{\"@type\":\"ListItem\",\"position\":2,\"name\":\"Nos Services\"}]},{\"@type\":\"WebSite\",\"@id\":\"https:\/\/stmarkstpeter.org\/#website\",\"url\":\"https:\/\/stmarkstpeter.org\/\",\"name\":\"St-Mark & St-Peter\",\"description\":\"\",\"publisher\":{\"@id\":\"https:\/\/stmarkstpeter.org\/#organization\"},\"potentialAction\":[{\"@type\":\"SearchAction\",\"target\":{\"@type\":\"EntryPoint\",\"urlTemplate\":\"https:\/\/stmarkstpeter.org\/?s={search_term_string}\"},\"query-input\":{\"@type\":\"PropertyValueSpecification\",\"valueRequired\":true,\"valueName\":\"search_term_string\"}}],\"inLanguage\":\"en-CA\"},{\"@type\":\"Organization\",\"@id\":\"https:\/\/stmarkstpeter.org\/#organization\",\"name\":\"St-Mark & St-Peter\",\"url\":\"https:\/\/stmarkstpeter.org\/\",\"logo\":{\"@type\":\"ImageObject\",\"inLanguage\":\"en-CA\",\"@id\":\"https:\/\/stmarkstpeter.org\/#\/schema\/logo\/image\/\",\"url\":\"https:\/\/stmarkstpeter.org\/wp-content\/uploads\/2020\/02\/CMP_WEB_HRZ_ENG_LEN_ADV.png\",\"contentUrl\":\"https:\/\/stmarkstpeter.org\/wp-content\/uploads\/2020\/02\/CMP_WEB_HRZ_ENG_LEN_ADV.png\",\"width\":422,\"height\":144,\"caption\":\"St-Mark & St-Peter\"},\"image\":{\"@id\":\"https:\/\/stmarkstpeter.org\/#\/schema\/logo\/image\/\"}}]}<\/script>\r\n<!-- \/ Yoast SEO plugin. -->","yoast_head_json":{"title":"Nos Services - CMP","robots":{"index":"index","follow":"follow","max-snippet":"max-snippet:-1","max-image-preview":"max-image-preview:large","max-video-preview":"max-video-preview:-1"},"canonical":"https:\/\/stmarkstpeter.org\/index.php\/nos-services\/","og_locale":"en_US","og_type":"article","og_title":"Nos Services - CMP","og_description":"Notre service du dimanche commence \u00e0 10h30, avec un style de culte combinant des \u00e9l\u00e9ments traditionnels et contemporains. Toute la congr\u00e9gation, commence le service ensemble ; au d\u00e9but du service,","og_url":"https:\/\/stmarkstpeter.org\/index.php\/nos-services\/","og_site_name":"CMP","article_modified_time":"2021-08-10T18:55:29+00:00","twitter_card":"summary_large_image","twitter_misc":{"Est. reading time":"1 minute"},"schema":{"@context":"https:\/\/schema.org","@graph":[{"@type":"WebPage","@id":"https:\/\/stmarkstpeter.org\/index.php\/nos-services\/","url":"https:\/\/stmarkstpeter.org\/index.php\/nos-services\/","name":"Nos Services - CMP","isPartOf":{"@id":"https:\/\/stmarkstpeter.org\/#website"},"datePublished":"2021-05-25T17:21:03+00:00","dateModified":"2021-08-10T18:55:29+00:00","breadcrumb":{"@id":"https:\/\/stmarkstpeter.org\/index.php\/nos-services\/#breadcrumb"},"inLanguage":"en-CA","potentialAction":[{"@type":"ReadAction","target":["https:\/\/stmarkstpeter.org\/index.php\/nos-services\/"]}]},{"@type":"BreadcrumbList","@id":"https:\/\/stmarkstpeter.org\/index.php\/nos-services\/#breadcrumb","itemListElement":[{"@type":"ListItem","position":1,"name":"Home","item":"https:\/\/stmarkstpeter.org\/"},{"@type":"ListItem","position":2,"name":"Nos Services"}]},{"@type":"WebSite","@id":"https:\/\/stmarkstpeter.org\/#website","url":"https:\/\/stmarkstpeter.org\/","name":"St-Mark & St-Peter","description":"","publisher":{"@id":"https:\/\/stmarkstpeter.org\/#organization"},"potentialAction":[{"@type":"SearchAction","target":{"@type":"EntryPoint","urlTemplate":"https:\/\/stmarkstpeter.org\/?s={search_term_string}"},"query-input":{"@type":"PropertyValueSpecification","valueRequired":true,"valueName":"search_term_string"}}],"inLanguage":"en-CA"},{"@type":"Organization","@id":"https:\/\/stmarkstpeter.org\/#organization","name":"St-Mark & St-Peter","url":"https:\/\/stmarkstpeter.org\/","logo":{"@type":"ImageObject","inLanguage":"en-CA","@id":"https:\/\/stmarkstpeter.org\/#\/schema\/logo\/image\/","url":"https:\/\/stmarkstpeter.org\/wp-content\/uploads\/2020\/02\/CMP_WEB_HRZ_ENG_LEN_ADV.png","contentUrl":"https:\/\/stmarkstpeter.org\/wp-content\/uploads\/2020\/02\/CMP_WEB_HRZ_ENG_LEN_ADV.png","width":422,"height":144,"caption":"St-Mark & St-Peter"},"image":{"@id":"https:\/\/stmarkstpeter.org\/#\/schema\/logo\/image\/"}}]}},"_links":{"self":[{"href":"https:\/\/stmarkstpeter.org\/index.php\/wp-json\/wp\/v2\/pages\/2223","targetHints":{"allow":["GET"]}}],"collection":[{"href":"https:\/\/stmarkstpeter.org\/index.php\/wp-json\/wp\/v2\/pages"}],"about":[{"href":"https:\/\/stmarkstpeter.org\/index.php\/wp-json\/wp\/v2\/types\/page"}],"author":[{"embeddable":true,"href":"https:\/\/stmarkstpeter.org\/index.php\/wp-json\/wp\/v2\/users\/2"}],"replies":[{"embeddable":true,"href":"https:\/\/stmarkstpeter.org\/index.php\/wp-json\/wp\/v2\/comments?post=2223"}],"version-history":[{"count":3,"href":"https:\/\/stmarkstpeter.org\/index.php\/wp-json\/wp\/v2\/pages\/2223\/revisions"}],"predecessor-version":[{"id":2285,"href":"https:\/\/stmarkstpeter.org\/index.php\/wp-json\/wp\/v2\/pages\/2223\/revisions\/2285"}],"wp:attachment":[{"href":"https:\/\/stmarkstpeter.org\/index.php\/wp-json\/wp\/v2\/media?parent=2223"}],"curies":[{"name":"wp","href":"https:\/\/api.w.org\/{rel}","templated":true}]}}