{"id":2074,"date":"2021-02-24T12:58:50","date_gmt":"2021-02-24T17:58:50","guid":{"rendered":"https:\/\/www.stmarkstpeter.org\/?page_id=2074"},"modified":"2021-04-06T14:55:03","modified_gmt":"2021-04-06T18:55:03","slug":"alpha","status":"publish","type":"page","link":"https:\/\/stmarkstpeter.org\/index.php\/alpha\/","title":{"rendered":"ALPHA"},"content":{"rendered":"<div id=\"pl-2074\" class=\"panel-layout\">\n<div id=\"pg-2074-0\" class=\"panel-grid panel-no-style\">\n<div id=\"pgc-2074-0-0\" class=\"panel-grid-cell\" data-weight=\"1\">\n<div id=\"panel-2074-0-0-0\" class=\"so-panel widget widget_sow-editor panel-first-child\" data-index=\"0\" data-style=\"{&quot;background_image_attachment&quot;:false,&quot;background_display&quot;:&quot;tile&quot;}\">\n<div class=\"so-widget-sow-editor so-widget-sow-editor-base\">\n<div class=\"siteorigin-widget-tinymce textwidget\">\n<h2 style=\"text-align: center;\">Registration is currently closed for our current Alpha Session. Please come back later for information on our next Alpha session.<\/h2>\n<p>&nbsp;<\/p>\n<p><img loading=\"lazy\" decoding=\"async\" class=\" wp-image-2061 alignright\" src=\"https:\/\/stmarkstpeter.org\/wp-content\/uploads\/2021\/02\/online1-logo-300x207.png\" alt=\"\" width=\"322\" height=\"223\" srcset=\"https:\/\/stmarkstpeter.org\/wp-content\/uploads\/2021\/02\/online1-logo-300x207.png 300w, https:\/\/stmarkstpeter.org\/wp-content\/uploads\/2021\/02\/online1-logo-1024x706.png 1024w, https:\/\/stmarkstpeter.org\/wp-content\/uploads\/2021\/02\/online1-logo-768x529.png 768w, https:\/\/stmarkstpeter.org\/wp-content\/uploads\/2021\/02\/online1-logo-1536x1059.png 1536w, https:\/\/stmarkstpeter.org\/wp-content\/uploads\/2021\/02\/online1-logo.png 1557w\" sizes=\"auto, (max-width: 322px) 100vw, 322px\" \/>Alpha est un lieu pour explorer\u00a0la foi chr\u00e9tienne ensemble.<br \/>\nC\u2019est une s\u00e9rie d\u2019\u00e9pisodes qui se concentre sur les questions de la vie,<br \/>\nde la foi et de leur sens. Chaque \u00e9pisode comprend du temps pour se<br \/>\nconna\u00eetre, regarder une vid\u00e9o ainsi qu\u2019\u00e9changer et poser vos questions.<\/p>\n<p><em><strong>Chacun devrait avoir la chance d&#8217;explorer la foi, de poser des questions et de partager son point de vue dans un environnement accueillant et solidaire.<\/strong><\/em><\/p>\n<p>Alpha est un cours de 10 semaines qui cr\u00e9e un espace, en ligne ou en personne, o\u00f9 les gens viennent discuter des grandes questions de la vie dans un environnement convivial, ouvert et informel. Chaque conf\u00e9rence aborde une question diff\u00e9rente autour de la foi et est con\u00e7ue pour cr\u00e9er une conversation. Alpha est diffus\u00e9 partout dans le monde, et tout le monde est le bienvenu. Il fonctionne dans les caf\u00e9s, les \u00e9glises, les universit\u00e9s, les maisons &#8211; vous l&#8217;appelez. En cette saison de distanciation physique, les Alphas sont h\u00e9berg\u00e9s en ligne.<\/p>\n<p>&nbsp;<\/p>\n<p style=\"text-align: center;\">\n<\/div>\n<\/div>\n<\/div>\n<div id=\"panel-2074-0-0-1\" class=\"so-panel widget widget_sow-editor panel-last-child\" data-index=\"1\" data-style=\"{&quot;background_image_attachment&quot;:false,&quot;background_display&quot;:&quot;tile&quot;}\">\n<div class=\"so-widget-sow-editor so-widget-sow-editor-base\">\n<div class=\"siteorigin-widget-tinymce textwidget\">\n<h2><img loading=\"lazy\" decoding=\"async\" class=\" wp-image-2062 alignleft\" src=\"https:\/\/stmarkstpeter.org\/wp-content\/uploads\/2021\/02\/online2-logo-300x209.png\" alt=\"\" width=\"332\" height=\"231\" srcset=\"https:\/\/stmarkstpeter.org\/wp-content\/uploads\/2021\/02\/online2-logo-300x209.png 300w, https:\/\/stmarkstpeter.org\/wp-content\/uploads\/2021\/02\/online2-logo-1024x712.png 1024w, https:\/\/stmarkstpeter.org\/wp-content\/uploads\/2021\/02\/online2-logo-768x534.png 768w, https:\/\/stmarkstpeter.org\/wp-content\/uploads\/2021\/02\/online2-logo-1536x1068.png 1536w, https:\/\/stmarkstpeter.org\/wp-content\/uploads\/2021\/02\/online2-logo.png 1548w\" sizes=\"auto, (max-width: 332px) 100vw, 332px\" \/><\/h2>\n<p>Alpha is a place to explore the Christian faith with others. It is a series of sessions focused on questions of life, faith and meaning. Each session includes time to connect, watch a talk on video, and share any thoughts or questions you have.<\/p>\n<p><em><strong>Everyone should have the chance to explore faith, ask questions, and share their point of view in a welcoming and supportive environment.<\/strong><\/em><\/p>\n<p>Alpha is an 10 week course that creates a space, online or in person, where people come and discuss life\u2019s big questions in a friendly, open and informal environment. Each talk looks at a different question around faith and is designed to create conversation. Alpha is run all around the globe, and everyone\u2019s welcome. It runs in caf\u00e9s, churches, universities, homes\u2014you name it. In this season of physical distancing, Alphas are being hosted online.<\/p>\n<p>If you have any questions feel free to contact the Alpha Team at <a href=\"mailto:cmpalphacourse@gmail.com\">cmpalphacourse@gmail.com<\/a><\/p>\n<p style=\"text-align: center;\"><em>Regardez cette vid\u00e9o pour voir ce que le cours Alpha peut faire pour vous! \/ Watch this video to see what the Alpha Course can do for you!<\/em><\/p>\n<p>&nbsp;<\/p>\n<div class=\"fit-video\"><iframe loading=\"lazy\" title=\"Alpha Story\/T\u00e9moignage Julien de Montreal, Qu\u00e9bec   pasteur Scott Campbell\" width=\"500\" height=\"281\" src=\"https:\/\/www.youtube.com\/embed\/9tsEsJr5zcw?feature=oembed\" frameborder=\"0\" allow=\"accelerometer; autoplay; clipboard-write; encrypted-media; gyroscope; picture-in-picture; web-share\" referrerpolicy=\"strict-origin-when-cross-origin\" allowfullscreen><\/iframe><\/div>\n<\/div>\n<\/div>\n<\/div>\n<\/div>\n<\/div>\n<\/div>\n","protected":false},"excerpt":{"rendered":"<p>Registration is currently closed for our current Alpha Session. Please come back later for information on our next Alpha session. &nbsp; Alpha est un lieu pour explorer\u00a0la foi chr\u00e9tienne ensemble.<\/p>\n","protected":false},"author":2,"featured_media":2157,"parent":0,"menu_order":0,"comment_status":"closed","ping_status":"closed","template":"","meta":{"footnotes":""},"class_list":["post-2074","page","type-page","status-publish","has-post-thumbnail","hentry"],"yoast_head":"<!-- This site is optimized with the Yoast SEO plugin v24.1 - https:\/\/yoast.com\/wordpress\/plugins\/seo\/ -->\r\n<title>ALPHA - CMP<\/title>\r\n<meta name=\"robots\" content=\"index, follow, max-snippet:-1, max-image-preview:large, max-video-preview:-1\" \/>\r\n<link rel=\"canonical\" href=\"https:\/\/stmarkstpeter.org\/index.php\/alpha\/\" \/>\r\n<meta property=\"og:locale\" content=\"en_US\" \/>\r\n<meta property=\"og:type\" content=\"article\" \/>\r\n<meta property=\"og:title\" content=\"ALPHA - CMP\" \/>\r\n<meta property=\"og:description\" content=\"Registration is currently closed for our current Alpha Session. Please come back later for information on our next Alpha session. &nbsp; Alpha est un lieu pour explorer\u00a0la foi chr\u00e9tienne ensemble.\" \/>\r\n<meta property=\"og:url\" content=\"https:\/\/stmarkstpeter.org\/index.php\/alpha\/\" \/>\r\n<meta property=\"og:site_name\" content=\"CMP\" \/>\r\n<meta property=\"article:modified_time\" content=\"2021-04-06T18:55:03+00:00\" \/>\r\n<meta property=\"og:image\" content=\"https:\/\/stmarkstpeter.org\/wp-content\/uploads\/2021\/04\/Welcome-to-Alpha-1.png\" \/>\r\n\t<meta property=\"og:image:width\" content=\"1120\" \/>\r\n\t<meta property=\"og:image:height\" content=\"630\" \/>\r\n\t<meta property=\"og:image:type\" content=\"image\/png\" \/>\r\n<meta name=\"twitter:card\" content=\"summary_large_image\" \/>\r\n<meta name=\"twitter:label1\" content=\"Est. reading time\" \/>\n\t<meta name=\"twitter:data1\" content=\"2 minutes\" \/>\r\n<script type=\"application\/ld+json\" class=\"yoast-schema-graph\">{\"@context\":\"https:\/\/schema.org\",\"@graph\":[{\"@type\":\"WebPage\",\"@id\":\"https:\/\/stmarkstpeter.org\/index.php\/alpha\/\",\"url\":\"https:\/\/stmarkstpeter.org\/index.php\/alpha\/\",\"name\":\"ALPHA - CMP\",\"isPartOf\":{\"@id\":\"https:\/\/stmarkstpeter.org\/#website\"},\"primaryImageOfPage\":{\"@id\":\"https:\/\/stmarkstpeter.org\/index.php\/alpha\/#primaryimage\"},\"image\":{\"@id\":\"https:\/\/stmarkstpeter.org\/index.php\/alpha\/#primaryimage\"},\"thumbnailUrl\":\"https:\/\/stmarkstpeter.org\/wp-content\/uploads\/2021\/04\/Welcome-to-Alpha-1.png\",\"datePublished\":\"2021-02-24T17:58:50+00:00\",\"dateModified\":\"2021-04-06T18:55:03+00:00\",\"breadcrumb\":{\"@id\":\"https:\/\/stmarkstpeter.org\/index.php\/alpha\/#breadcrumb\"},\"inLanguage\":\"en-CA\",\"potentialAction\":[{\"@type\":\"ReadAction\",\"target\":[\"https:\/\/stmarkstpeter.org\/index.php\/alpha\/\"]}]},{\"@type\":\"ImageObject\",\"inLanguage\":\"en-CA\",\"@id\":\"https:\/\/stmarkstpeter.org\/index.php\/alpha\/#primaryimage\",\"url\":\"https:\/\/stmarkstpeter.org\/wp-content\/uploads\/2021\/04\/Welcome-to-Alpha-1.png\",\"contentUrl\":\"https:\/\/stmarkstpeter.org\/wp-content\/uploads\/2021\/04\/Welcome-to-Alpha-1.png\",\"width\":1120,\"height\":630,\"caption\":\"Children Activities\"},{\"@type\":\"BreadcrumbList\",\"@id\":\"https:\/\/stmarkstpeter.org\/index.php\/alpha\/#breadcrumb\",\"itemListElement\":[{\"@type\":\"ListItem\",\"position\":1,\"name\":\"Home\",\"item\":\"https:\/\/stmarkstpeter.org\/\"},{\"@type\":\"ListItem\",\"position\":2,\"name\":\"ALPHA\"}]},{\"@type\":\"WebSite\",\"@id\":\"https:\/\/stmarkstpeter.org\/#website\",\"url\":\"https:\/\/stmarkstpeter.org\/\",\"name\":\"St-Mark & St-Peter\",\"description\":\"\",\"publisher\":{\"@id\":\"https:\/\/stmarkstpeter.org\/#organization\"},\"potentialAction\":[{\"@type\":\"SearchAction\",\"target\":{\"@type\":\"EntryPoint\",\"urlTemplate\":\"https:\/\/stmarkstpeter.org\/?s={search_term_string}\"},\"query-input\":{\"@type\":\"PropertyValueSpecification\",\"valueRequired\":true,\"valueName\":\"search_term_string\"}}],\"inLanguage\":\"en-CA\"},{\"@type\":\"Organization\",\"@id\":\"https:\/\/stmarkstpeter.org\/#organization\",\"name\":\"St-Mark & St-Peter\",\"url\":\"https:\/\/stmarkstpeter.org\/\",\"logo\":{\"@type\":\"ImageObject\",\"inLanguage\":\"en-CA\",\"@id\":\"https:\/\/stmarkstpeter.org\/#\/schema\/logo\/image\/\",\"url\":\"https:\/\/stmarkstpeter.org\/wp-content\/uploads\/2020\/02\/CMP_WEB_HRZ_ENG_LEN_ADV.png\",\"contentUrl\":\"https:\/\/stmarkstpeter.org\/wp-content\/uploads\/2020\/02\/CMP_WEB_HRZ_ENG_LEN_ADV.png\",\"width\":422,\"height\":144,\"caption\":\"St-Mark & St-Peter\"},\"image\":{\"@id\":\"https:\/\/stmarkstpeter.org\/#\/schema\/logo\/image\/\"}}]}<\/script>\r\n<!-- \/ Yoast SEO plugin. -->","yoast_head_json":{"title":"ALPHA - CMP","robots":{"index":"index","follow":"follow","max-snippet":"max-snippet:-1","max-image-preview":"max-image-preview:large","max-video-preview":"max-video-preview:-1"},"canonical":"https:\/\/stmarkstpeter.org\/index.php\/alpha\/","og_locale":"en_US","og_type":"article","og_title":"ALPHA - CMP","og_description":"Registration is currently closed for our current Alpha Session. Please come back later for information on our next Alpha session. &nbsp; Alpha est un lieu pour explorer\u00a0la foi chr\u00e9tienne ensemble.","og_url":"https:\/\/stmarkstpeter.org\/index.php\/alpha\/","og_site_name":"CMP","article_modified_time":"2021-04-06T18:55:03+00:00","og_image":[{"width":1120,"height":630,"url":"https:\/\/stmarkstpeter.org\/wp-content\/uploads\/2021\/04\/Welcome-to-Alpha-1.png","type":"image\/png"}],"twitter_card":"summary_large_image","twitter_misc":{"Est. reading time":"2 minutes"},"schema":{"@context":"https:\/\/schema.org","@graph":[{"@type":"WebPage","@id":"https:\/\/stmarkstpeter.org\/index.php\/alpha\/","url":"https:\/\/stmarkstpeter.org\/index.php\/alpha\/","name":"ALPHA - CMP","isPartOf":{"@id":"https:\/\/stmarkstpeter.org\/#website"},"primaryImageOfPage":{"@id":"https:\/\/stmarkstpeter.org\/index.php\/alpha\/#primaryimage"},"image":{"@id":"https:\/\/stmarkstpeter.org\/index.php\/alpha\/#primaryimage"},"thumbnailUrl":"https:\/\/stmarkstpeter.org\/wp-content\/uploads\/2021\/04\/Welcome-to-Alpha-1.png","datePublished":"2021-02-24T17:58:50+00:00","dateModified":"2021-04-06T18:55:03+00:00","breadcrumb":{"@id":"https:\/\/stmarkstpeter.org\/index.php\/alpha\/#breadcrumb"},"inLanguage":"en-CA","potentialAction":[{"@type":"ReadAction","target":["https:\/\/stmarkstpeter.org\/index.php\/alpha\/"]}]},{"@type":"ImageObject","inLanguage":"en-CA","@id":"https:\/\/stmarkstpeter.org\/index.php\/alpha\/#primaryimage","url":"https:\/\/stmarkstpeter.org\/wp-content\/uploads\/2021\/04\/Welcome-to-Alpha-1.png","contentUrl":"https:\/\/stmarkstpeter.org\/wp-content\/uploads\/2021\/04\/Welcome-to-Alpha-1.png","width":1120,"height":630,"caption":"Children Activities"},{"@type":"BreadcrumbList","@id":"https:\/\/stmarkstpeter.org\/index.php\/alpha\/#breadcrumb","itemListElement":[{"@type":"ListItem","position":1,"name":"Home","item":"https:\/\/stmarkstpeter.org\/"},{"@type":"ListItem","position":2,"name":"ALPHA"}]},{"@type":"WebSite","@id":"https:\/\/stmarkstpeter.org\/#website","url":"https:\/\/stmarkstpeter.org\/","name":"St-Mark & St-Peter","description":"","publisher":{"@id":"https:\/\/stmarkstpeter.org\/#organization"},"potentialAction":[{"@type":"SearchAction","target":{"@type":"EntryPoint","urlTemplate":"https:\/\/stmarkstpeter.org\/?s={search_term_string}"},"query-input":{"@type":"PropertyValueSpecification","valueRequired":true,"valueName":"search_term_string"}}],"inLanguage":"en-CA"},{"@type":"Organization","@id":"https:\/\/stmarkstpeter.org\/#organization","name":"St-Mark & St-Peter","url":"https:\/\/stmarkstpeter.org\/","logo":{"@type":"ImageObject","inLanguage":"en-CA","@id":"https:\/\/stmarkstpeter.org\/#\/schema\/logo\/image\/","url":"https:\/\/stmarkstpeter.org\/wp-content\/uploads\/2020\/02\/CMP_WEB_HRZ_ENG_LEN_ADV.png","contentUrl":"https:\/\/stmarkstpeter.org\/wp-content\/uploads\/2020\/02\/CMP_WEB_HRZ_ENG_LEN_ADV.png","width":422,"height":144,"caption":"St-Mark & St-Peter"},"image":{"@id":"https:\/\/stmarkstpeter.org\/#\/schema\/logo\/image\/"}}]}},"_links":{"self":[{"href":"https:\/\/stmarkstpeter.org\/index.php\/wp-json\/wp\/v2\/pages\/2074","targetHints":{"allow":["GET"]}}],"collection":[{"href":"https:\/\/stmarkstpeter.org\/index.php\/wp-json\/wp\/v2\/pages"}],"about":[{"href":"https:\/\/stmarkstpeter.org\/index.php\/wp-json\/wp\/v2\/types\/page"}],"author":[{"embeddable":true,"href":"https:\/\/stmarkstpeter.org\/index.php\/wp-json\/wp\/v2\/users\/2"}],"replies":[{"embeddable":true,"href":"https:\/\/stmarkstpeter.org\/index.php\/wp-json\/wp\/v2\/comments?post=2074"}],"version-history":[{"count":25,"href":"https:\/\/stmarkstpeter.org\/index.php\/wp-json\/wp\/v2\/pages\/2074\/revisions"}],"predecessor-version":[{"id":2156,"href":"https:\/\/stmarkstpeter.org\/index.php\/wp-json\/wp\/v2\/pages\/2074\/revisions\/2156"}],"wp:featuredmedia":[{"embeddable":true,"href":"https:\/\/stmarkstpeter.org\/index.php\/wp-json\/wp\/v2\/media\/2157"}],"wp:attachment":[{"href":"https:\/\/stmarkstpeter.org\/index.php\/wp-json\/wp\/v2\/media?parent=2074"}],"curies":[{"name":"wp","href":"https:\/\/api.w.org\/{rel}","templated":true}]}}